{"id":162,"date":"2023-08-14T12:21:00","date_gmt":"2023-08-14T10:21:00","guid":{"rendered":"https:\/\/alfarchitecte.com\/?page_id=162"},"modified":"2023-09-10T09:34:23","modified_gmt":"2023-09-10T07:34:23","slug":"a-propos","status":"publish","type":"page","link":"https:\/\/alfarchitecte.com\/index.php\/a-propos\/","title":{"rendered":"A propos"},"content":{"rendered":"\t\t<div data-elementor-type=\"wp-page\" data-elementor-id=\"162\" class=\"elementor elementor-162\">\n\t\t\t\t\t\t\t\t\t<section class=\"elementor-section elementor-top-section elementor-element elementor-element-82b65a0 elementor-section-boxed elementor-section-height-default elementor-section-height-default\" data-id=\"82b65a0\" data-element_type=\"section\">\n\t\t\t\t\t\t<div class=\"elementor-container elementor-column-gap-default\">\n\t\t\t\t\t<div class=\"elementor-column elementor-col-100 elementor-top-column elementor-element elementor-element-a600606\" data-id=\"a600606\" data-element_type=\"column\">\n\t\t\t<div class=\"elementor-widget-wrap elementor-element-populated\">\n\t\t\t\t\t\t\t\t<div class=\"elementor-element elementor-element-8b65a35 elementor-widget elementor-widget-spacer\" data-id=\"8b65a35\" data-element_type=\"widget\" data-widget_type=\"spacer.default\">\n\t\t\t\t<div class=\"elementor-widget-container\">\n\t\t\t<style>\/*! elementor - v3.15.0 - 09-08-2023 *\/\n.elementor-column .elementor-spacer-inner{height:var(--spacer-size)}.e-con{--container-widget-width:100%}.e-con-inner>.elementor-widget-spacer,.e-con>.elementor-widget-spacer{width:var(--container-widget-width,var(--spacer-size));--align-self:var(--container-widget-align-self,initial);--flex-shrink:0}.e-con-inner>.elementor-widget-spacer>.elementor-widget-container,.e-con-inner>.elementor-widget-spacer>.elementor-widget-container>.elementor-spacer,.e-con>.elementor-widget-spacer>.elementor-widget-container,.e-con>.elementor-widget-spacer>.elementor-widget-container>.elementor-spacer{height:100%}.e-con-inner>.elementor-widget-spacer>.elementor-widget-container>.elementor-spacer>.elementor-spacer-inner,.e-con>.elementor-widget-spacer>.elementor-widget-container>.elementor-spacer>.elementor-spacer-inner{height:var(--container-widget-height,var(--spacer-size))}<\/style>\t\t<div class=\"elementor-spacer\">\n\t\t\t<div class=\"elementor-spacer-inner\"><\/div>\n\t\t<\/div>\n\t\t\t\t<\/div>\n\t\t\t\t<\/div>\n\t\t\t\t\t<\/div>\n\t\t<\/div>\n\t\t\t\t\t\t\t<\/div>\n\t\t<\/section>\n\t\t\t\t<section class=\"elementor-section elementor-top-section elementor-element elementor-element-9344e0e elementor-section-boxed elementor-section-height-default elementor-section-height-default\" data-id=\"9344e0e\" data-element_type=\"section\">\n\t\t\t\t\t\t<div class=\"elementor-container elementor-column-gap-default\">\n\t\t\t\t\t<div class=\"elementor-column elementor-col-100 elementor-top-column elementor-element elementor-element-99c652d\" data-id=\"99c652d\" data-element_type=\"column\">\n\t\t\t<div class=\"elementor-widget-wrap elementor-element-populated\">\n\t\t\t\t\t\t\t\t<div class=\"elementor-element elementor-element-8c0b7bc elementor-widget elementor-widget-heading\" data-id=\"8c0b7bc\" data-element_type=\"widget\" data-widget_type=\"heading.default\">\n\t\t\t\t<div class=\"elementor-widget-container\">\n\t\t\t<style>\/*! elementor - v3.15.0 - 09-08-2023 *\/\n.elementor-heading-title{padding:0;margin:0;line-height:1}.elementor-widget-heading .elementor-heading-title[class*=elementor-size-]>a{color:inherit;font-size:inherit;line-height:inherit}.elementor-widget-heading .elementor-heading-title.elementor-size-small{font-size:15px}.elementor-widget-heading .elementor-heading-title.elementor-size-medium{font-size:19px}.elementor-widget-heading .elementor-heading-title.elementor-size-large{font-size:29px}.elementor-widget-heading .elementor-heading-title.elementor-size-xl{font-size:39px}.elementor-widget-heading .elementor-heading-title.elementor-size-xxl{font-size:59px}<\/style><h2 class=\"elementor-heading-title elementor-size-default\">ALF. architecte <\/h2>\t\t<\/div>\n\t\t\t\t<\/div>\n\t\t\t\t\t<\/div>\n\t\t<\/div>\n\t\t\t\t\t\t\t<\/div>\n\t\t<\/section>\n\t\t\t\t<section class=\"elementor-section elementor-top-section elementor-element elementor-element-fdc5bc5 elementor-section-boxed elementor-section-height-default elementor-section-height-default\" data-id=\"fdc5bc5\" data-element_type=\"section\">\n\t\t\t\t\t\t<div class=\"elementor-container elementor-column-gap-default\">\n\t\t\t\t\t<div class=\"elementor-column elementor-col-50 elementor-top-column elementor-element elementor-element-ba4fd63\" data-id=\"ba4fd63\" data-element_type=\"column\">\n\t\t\t<div class=\"elementor-widget-wrap elementor-element-populated\">\n\t\t\t\t\t\t\t\t<div class=\"elementor-element elementor-element-c780a28 elementor-widget elementor-widget-image\" data-id=\"c780a28\" data-element_type=\"widget\" data-widget_type=\"image.default\">\n\t\t\t\t<div class=\"elementor-widget-container\">\n\t\t\t<style>\/*! elementor - v3.15.0 - 09-08-2023 *\/\n.elementor-widget-image{text-align:center}.elementor-widget-image a{display:inline-block}.elementor-widget-image a img[src$=\".svg\"]{width:48px}.elementor-widget-image img{vertical-align:middle;display:inline-block}<\/style>\t\t\t\t\t\t\t\t\t\t\t\t<img loading=\"lazy\" decoding=\"async\" width=\"768\" height=\"1024\" src=\"https:\/\/alfarchitecte.com\/wp-content\/uploads\/2023\/08\/IMG_0639BIS-768x1024.jpg\" class=\"attachment-large size-large wp-image-875\" alt=\"\" srcset=\"https:\/\/alfarchitecte.com\/wp-content\/uploads\/2023\/08\/IMG_0639BIS-768x1024.jpg 768w, https:\/\/alfarchitecte.com\/wp-content\/uploads\/2023\/08\/IMG_0639BIS-225x300.jpg 225w, https:\/\/alfarchitecte.com\/wp-content\/uploads\/2023\/08\/IMG_0639BIS-1152x1536.jpg 1152w, https:\/\/alfarchitecte.com\/wp-content\/uploads\/2023\/08\/IMG_0639BIS-1536x2048.jpg 1536w, https:\/\/alfarchitecte.com\/wp-content\/uploads\/2023\/08\/IMG_0639BIS-scaled.jpg 1920w\" sizes=\"auto, (max-width: 768px) 100vw, 768px\" \/>\t\t\t\t\t\t\t\t\t\t\t\t\t\t\t<\/div>\n\t\t\t\t<\/div>\n\t\t\t\t\t<\/div>\n\t\t<\/div>\n\t\t\t\t<div class=\"elementor-column elementor-col-50 elementor-top-column elementor-element elementor-element-092a8fb\" data-id=\"092a8fb\" data-element_type=\"column\">\n\t\t\t<div class=\"elementor-widget-wrap elementor-element-populated\">\n\t\t\t\t\t\t\t\t<div class=\"elementor-element elementor-element-d89c36d elementor-widget elementor-widget-heading\" data-id=\"d89c36d\" data-element_type=\"widget\" data-widget_type=\"heading.default\">\n\t\t\t\t<div class=\"elementor-widget-container\">\n\t\t\t<div class=\"elementor-heading-title elementor-size-default\">Dipl\u00f4m\u00e9e de l'ENSA Nantes en 2017 et habilit\u00e9e \u00e0 la ma\u00eetrise d'oeuvre en mon nom propre en 2020, j'ai compl\u00e9t\u00e9 ma formation au sein de plusieurs agences d'architecture \u00e0 Nantes et Toulouse. <br>Mon parcours professionnel s'est \u00e9galement enrichi de nombreuses exp\u00e9riences \u00e0 l'\u00e9tranger : Espagne, Italie et Japon. <br><br>Apr\u00e8s avoir travaill\u00e9 plusieurs ann\u00e9es dans une agence toulousaine, j'ai cr\u00e9\u00e9 l'agence ALF Architecte en 2021. <br>Ses activit\u00e9s portent sur les <b>projets de r\u00e9novations<\/b> et de <b>nouvelles constructions<\/b>, depuis l'\u00e9tude de faisabilit\u00e9 jusqu'\u00e0 la r\u00e9ception des travaux avec toutes ses phases interm\u00e9diaires. <br><br>L'agence porte une attention particuli\u00e8re \u00e0 <b>l'\u00e9tude du contexte spatial, historique et culturel <\/b>pour cr\u00e9er un <b>projet singulier r\u00e9pondant aux attentes de la ma\u00eetrise d'ouvrage<\/b> et dans le respect des r\u00e8gles administratives. <br><br>Elle est \u00e9galement sensible \u00e0 produire une <b>architecture expressive<\/b>, en particulier par le <b>choix des mat\u00e9riaux<\/b>, le <b>dessin de mobiliers sur-mesures<\/b>, et l'utilisation optimale de <b>lumi\u00e8re naturelle<\/b>. <br><br>Pour toute demande de renseignements, n'h\u00e9sitez pas \u00e0 me contacter !<\/div>\t\t<\/div>\n\t\t\t\t<\/div>\n\t\t\t\t\t<\/div>\n\t\t<\/div>\n\t\t\t\t\t\t\t<\/div>\n\t\t<\/section>\n\t\t\t\t<section class=\"elementor-section elementor-top-section elementor-element elementor-element-fc1047f elementor-section-boxed elementor-section-height-default elementor-section-height-default\" data-id=\"fc1047f\" data-element_type=\"section\">\n\t\t\t\t\t\t<div class=\"elementor-container elementor-column-gap-default\">\n\t\t\t\t\t<div class=\"elementor-column elementor-col-100 elementor-top-column elementor-element elementor-element-3e62e2d\" data-id=\"3e62e2d\" data-element_type=\"column\">\n\t\t\t<div class=\"elementor-widget-wrap\">\n\t\t\t\t\t\t\t\t\t<\/div>\n\t\t<\/div>\n\t\t\t\t\t\t\t<\/div>\n\t\t<\/section>\n\t\t\t\t<section class=\"elementor-section elementor-top-section elementor-element elementor-element-0f0c448 elementor-section-boxed elementor-section-height-default elementor-section-height-default\" data-id=\"0f0c448\" data-element_type=\"section\">\n\t\t\t\t\t\t<div class=\"elementor-container elementor-column-gap-default\">\n\t\t\t\t\t<div class=\"elementor-column elementor-col-100 elementor-top-column elementor-element elementor-element-984341c\" data-id=\"984341c\" data-element_type=\"column\">\n\t\t\t<div class=\"elementor-widget-wrap elementor-element-populated\">\n\t\t\t\t\t\t\t\t<div class=\"elementor-element elementor-element-0500b17 elementor-widget elementor-widget-heading\" data-id=\"0500b17\" data-element_type=\"widget\" data-widget_type=\"heading.default\">\n\t\t\t\t<div class=\"elementor-widget-container\">\n\t\t\t<h2 class=\"elementor-heading-title elementor-size-default\"><a href=\"https:\/\/alfarchitecte.com\/index.php\/contact-2\/\">Contact<\/a><\/h2>\t\t<\/div>\n\t\t\t\t<\/div>\n\t\t\t\t\t<\/div>\n\t\t<\/div>\n\t\t\t\t\t\t\t<\/div>\n\t\t<\/section>\n\t\t\t\t<section class=\"elementor-section elementor-top-section elementor-element elementor-element-f0bf8bb elementor-section-boxed elementor-section-height-default elementor-section-height-default\" data-id=\"f0bf8bb\" data-element_type=\"section\">\n\t\t\t\t\t\t<div class=\"elementor-container elementor-column-gap-default\">\n\t\t\t\t\t<div class=\"elementor-column elementor-col-100 elementor-top-column elementor-element elementor-element-6d778e1\" data-id=\"6d778e1\" data-element_type=\"column\">\n\t\t\t<div class=\"elementor-widget-wrap elementor-element-populated\">\n\t\t\t\t\t\t\t\t<div class=\"elementor-element elementor-element-cee17d5 elementor-view-default elementor-widget elementor-widget-icon\" data-id=\"cee17d5\" data-element_type=\"widget\" data-widget_type=\"icon.default\">\n\t\t\t\t<div class=\"elementor-widget-container\">\n\t\t\t\t\t<div class=\"elementor-icon-wrapper\">\n\t\t\t<a class=\"elementor-icon\" href=\"https:\/\/www.instagram.com\/alf_architecte\/\">\n\t\t\t<i aria-hidden=\"true\" class=\"fab fa-instagram\"><\/i>\t\t\t<\/a>\n\t\t<\/div>\n\t\t\t\t<\/div>\n\t\t\t\t<\/div>\n\t\t\t\t\t<\/div>\n\t\t<\/div>\n\t\t\t\t\t\t\t<\/div>\n\t\t<\/section>\n\t\t\t\t\t\t\t<\/div>\n\t\t","protected":false},"excerpt":{"rendered":"<p>ALF. architecte Dipl\u00f4m\u00e9e de l&#8217;ENSA Nantes en 2017 et habilit\u00e9e \u00e0 la ma\u00eetrise d&#8217;oeuvre en mon nom propre en 2020, j&#8217;ai compl\u00e9t\u00e9 ma formation au sein de plusieurs agences d&#8217;architecture \u00e0 Nantes et Toulouse. Mon parcours professionnel s&#8217;est \u00e9galement enrichi de nombreuses exp\u00e9riences \u00e0 l&#8217;\u00e9tranger : Espagne, Italie et Japon. Apr\u00e8s avoir travaill\u00e9 plusieurs ann\u00e9es&#8230;<\/p>\n","protected":false},"author":1,"featured_media":0,"parent":0,"menu_order":0,"comment_status":"closed","ping_status":"closed","template":"","meta":{"_kad_post_transparent":"","_kad_post_title":"hide","_kad_post_layout":"fullwidth","_kad_post_sidebar_id":"","_kad_post_content_style":"unboxed","_kad_post_vertical_padding":"hide","_kad_post_feature":"hide","_kad_post_feature_position":"","_kad_post_header":false,"_kad_post_footer":false,"footnotes":""},"class_list":["post-162","page","type-page","status-publish","hentry"],"yoast_head":"<!-- This site is optimized with the Yoast SEO plugin v27.4 - https:\/\/yoast.com\/product\/yoast-seo-wordpress\/ -->\n<title>A propos -<\/title>\n<meta name=\"description\" content=\"Anna LE Fur A propos\" \/>\n<meta name=\"robots\" content=\"index, follow, max-snippet:-1, max-image-preview:large, max-video-preview:-1\" \/>\n<link rel=\"canonical\" href=\"https:\/\/alfarchitecte.com\/index.php\/a-propos\/\" \/>\n<meta property=\"og:locale\" content=\"en_US\" \/>\n<meta property=\"og:type\" content=\"article\" \/>\n<meta property=\"og:title\" content=\"A propos -\" \/>\n<meta property=\"og:description\" content=\"Anna LE Fur A propos\" \/>\n<meta property=\"og:url\" content=\"https:\/\/alfarchitecte.com\/index.php\/a-propos\/\" \/>\n<meta property=\"article:modified_time\" content=\"2023-09-10T07:34:23+00:00\" \/>\n<meta property=\"og:image\" content=\"http:\/\/alfarchitecte.com\/wp-content\/uploads\/2023\/08\/IMG_0639BIS-768x1024.jpg\" \/>\n<meta name=\"twitter:card\" content=\"summary_large_image\" \/>\n<meta name=\"twitter:label1\" content=\"Est. reading time\" \/>\n\t<meta name=\"twitter:data1\" content=\"2 minutes\" \/>\n<script type=\"application\/ld+json\" class=\"yoast-schema-graph\">{\"@context\":\"https:\\\/\\\/schema.org\",\"@graph\":[{\"@type\":\"WebPage\",\"@id\":\"https:\\\/\\\/alfarchitecte.com\\\/index.php\\\/a-propos\\\/\",\"url\":\"https:\\\/\\\/alfarchitecte.com\\\/index.php\\\/a-propos\\\/\",\"name\":\"A propos -\",\"isPartOf\":{\"@id\":\"https:\\\/\\\/alfarchitecte.com\\\/#website\"},\"primaryImageOfPage\":{\"@id\":\"https:\\\/\\\/alfarchitecte.com\\\/index.php\\\/a-propos\\\/#primaryimage\"},\"image\":{\"@id\":\"https:\\\/\\\/alfarchitecte.com\\\/index.php\\\/a-propos\\\/#primaryimage\"},\"thumbnailUrl\":\"http:\\\/\\\/alfarchitecte.com\\\/wp-content\\\/uploads\\\/2023\\\/08\\\/IMG_0639BIS-768x1024.jpg\",\"datePublished\":\"2023-08-14T10:21:00+00:00\",\"dateModified\":\"2023-09-10T07:34:23+00:00\",\"description\":\"Anna LE Fur A propos\",\"breadcrumb\":{\"@id\":\"https:\\\/\\\/alfarchitecte.com\\\/index.php\\\/a-propos\\\/#breadcrumb\"},\"inLanguage\":\"en-US\",\"potentialAction\":[{\"@type\":\"ReadAction\",\"target\":[\"https:\\\/\\\/alfarchitecte.com\\\/index.php\\\/a-propos\\\/\"]}]},{\"@type\":\"ImageObject\",\"inLanguage\":\"en-US\",\"@id\":\"https:\\\/\\\/alfarchitecte.com\\\/index.php\\\/a-propos\\\/#primaryimage\",\"url\":\"http:\\\/\\\/alfarchitecte.com\\\/wp-content\\\/uploads\\\/2023\\\/08\\\/IMG_0639BIS-768x1024.jpg\",\"contentUrl\":\"http:\\\/\\\/alfarchitecte.com\\\/wp-content\\\/uploads\\\/2023\\\/08\\\/IMG_0639BIS-768x1024.jpg\"},{\"@type\":\"BreadcrumbList\",\"@id\":\"https:\\\/\\\/alfarchitecte.com\\\/index.php\\\/a-propos\\\/#breadcrumb\",\"itemListElement\":[{\"@type\":\"ListItem\",\"position\":1,\"name\":\"Accueil\",\"item\":\"https:\\\/\\\/alfarchitecte.com\\\/\"},{\"@type\":\"ListItem\",\"position\":2,\"name\":\"A propos\"}]},{\"@type\":\"WebSite\",\"@id\":\"https:\\\/\\\/alfarchitecte.com\\\/#website\",\"url\":\"https:\\\/\\\/alfarchitecte.com\\\/\",\"name\":\"\",\"description\":\"Architecte HMONP\",\"publisher\":{\"@id\":\"https:\\\/\\\/alfarchitecte.com\\\/#organization\"},\"potentialAction\":[{\"@type\":\"SearchAction\",\"target\":{\"@type\":\"EntryPoint\",\"urlTemplate\":\"https:\\\/\\\/alfarchitecte.com\\\/?s={search_term_string}\"},\"query-input\":{\"@type\":\"PropertyValueSpecification\",\"valueRequired\":true,\"valueName\":\"search_term_string\"}}],\"inLanguage\":\"en-US\"},{\"@type\":\"Organization\",\"@id\":\"https:\\\/\\\/alfarchitecte.com\\\/#organization\",\"name\":\"Anna Le Fur Architecte\",\"alternateName\":\"ALF Architecte\",\"url\":\"https:\\\/\\\/alfarchitecte.com\\\/\",\"logo\":{\"@type\":\"ImageObject\",\"inLanguage\":\"en-US\",\"@id\":\"https:\\\/\\\/alfarchitecte.com\\\/#\\\/schema\\\/logo\\\/image\\\/\",\"url\":\"https:\\\/\\\/alfarchitecte.com\\\/wp-content\\\/uploads\\\/2024\\\/10\\\/cropped-LOGO-SITE_Plan-de-travail-1.png\",\"contentUrl\":\"https:\\\/\\\/alfarchitecte.com\\\/wp-content\\\/uploads\\\/2024\\\/10\\\/cropped-LOGO-SITE_Plan-de-travail-1.png\",\"width\":985,\"height\":75,\"caption\":\"Anna Le Fur Architecte\"},\"image\":{\"@id\":\"https:\\\/\\\/alfarchitecte.com\\\/#\\\/schema\\\/logo\\\/image\\\/\"}}]}<\/script>\n<!-- \/ Yoast SEO plugin. -->","yoast_head_json":{"title":"A propos -","description":"Anna LE Fur A propos","robots":{"index":"index","follow":"follow","max-snippet":"max-snippet:-1","max-image-preview":"max-image-preview:large","max-video-preview":"max-video-preview:-1"},"canonical":"https:\/\/alfarchitecte.com\/index.php\/a-propos\/","og_locale":"en_US","og_type":"article","og_title":"A propos -","og_description":"Anna LE Fur A propos","og_url":"https:\/\/alfarchitecte.com\/index.php\/a-propos\/","article_modified_time":"2023-09-10T07:34:23+00:00","og_image":[{"url":"http:\/\/alfarchitecte.com\/wp-content\/uploads\/2023\/08\/IMG_0639BIS-768x1024.jpg","type":"","width":"","height":""}],"twitter_card":"summary_large_image","twitter_misc":{"Est. reading time":"2 minutes"},"schema":{"@context":"https:\/\/schema.org","@graph":[{"@type":"WebPage","@id":"https:\/\/alfarchitecte.com\/index.php\/a-propos\/","url":"https:\/\/alfarchitecte.com\/index.php\/a-propos\/","name":"A propos -","isPartOf":{"@id":"https:\/\/alfarchitecte.com\/#website"},"primaryImageOfPage":{"@id":"https:\/\/alfarchitecte.com\/index.php\/a-propos\/#primaryimage"},"image":{"@id":"https:\/\/alfarchitecte.com\/index.php\/a-propos\/#primaryimage"},"thumbnailUrl":"http:\/\/alfarchitecte.com\/wp-content\/uploads\/2023\/08\/IMG_0639BIS-768x1024.jpg","datePublished":"2023-08-14T10:21:00+00:00","dateModified":"2023-09-10T07:34:23+00:00","description":"Anna LE Fur A propos","breadcrumb":{"@id":"https:\/\/alfarchitecte.com\/index.php\/a-propos\/#breadcrumb"},"inLanguage":"en-US","potentialAction":[{"@type":"ReadAction","target":["https:\/\/alfarchitecte.com\/index.php\/a-propos\/"]}]},{"@type":"ImageObject","inLanguage":"en-US","@id":"https:\/\/alfarchitecte.com\/index.php\/a-propos\/#primaryimage","url":"http:\/\/alfarchitecte.com\/wp-content\/uploads\/2023\/08\/IMG_0639BIS-768x1024.jpg","contentUrl":"http:\/\/alfarchitecte.com\/wp-content\/uploads\/2023\/08\/IMG_0639BIS-768x1024.jpg"},{"@type":"BreadcrumbList","@id":"https:\/\/alfarchitecte.com\/index.php\/a-propos\/#breadcrumb","itemListElement":[{"@type":"ListItem","position":1,"name":"Accueil","item":"https:\/\/alfarchitecte.com\/"},{"@type":"ListItem","position":2,"name":"A propos"}]},{"@type":"WebSite","@id":"https:\/\/alfarchitecte.com\/#website","url":"https:\/\/alfarchitecte.com\/","name":"","description":"Architecte HMONP","publisher":{"@id":"https:\/\/alfarchitecte.com\/#organization"},"potentialAction":[{"@type":"SearchAction","target":{"@type":"EntryPoint","urlTemplate":"https:\/\/alfarchitecte.com\/?s={search_term_string}"},"query-input":{"@type":"PropertyValueSpecification","valueRequired":true,"valueName":"search_term_string"}}],"inLanguage":"en-US"},{"@type":"Organization","@id":"https:\/\/alfarchitecte.com\/#organization","name":"Anna Le Fur Architecte","alternateName":"ALF Architecte","url":"https:\/\/alfarchitecte.com\/","logo":{"@type":"ImageObject","inLanguage":"en-US","@id":"https:\/\/alfarchitecte.com\/#\/schema\/logo\/image\/","url":"https:\/\/alfarchitecte.com\/wp-content\/uploads\/2024\/10\/cropped-LOGO-SITE_Plan-de-travail-1.png","contentUrl":"https:\/\/alfarchitecte.com\/wp-content\/uploads\/2024\/10\/cropped-LOGO-SITE_Plan-de-travail-1.png","width":985,"height":75,"caption":"Anna Le Fur Architecte"},"image":{"@id":"https:\/\/alfarchitecte.com\/#\/schema\/logo\/image\/"}}]}},"_links":{"self":[{"href":"https:\/\/alfarchitecte.com\/index.php\/wp-json\/wp\/v2\/pages\/162","targetHints":{"allow":["GET"]}}],"collection":[{"href":"https:\/\/alfarchitecte.com\/index.php\/wp-json\/wp\/v2\/pages"}],"about":[{"href":"https:\/\/alfarchitecte.com\/index.php\/wp-json\/wp\/v2\/types\/page"}],"author":[{"embeddable":true,"href":"https:\/\/alfarchitecte.com\/index.php\/wp-json\/wp\/v2\/users\/1"}],"replies":[{"embeddable":true,"href":"https:\/\/alfarchitecte.com\/index.php\/wp-json\/wp\/v2\/comments?post=162"}],"version-history":[{"count":47,"href":"https:\/\/alfarchitecte.com\/index.php\/wp-json\/wp\/v2\/pages\/162\/revisions"}],"predecessor-version":[{"id":955,"href":"https:\/\/alfarchitecte.com\/index.php\/wp-json\/wp\/v2\/pages\/162\/revisions\/955"}],"wp:attachment":[{"href":"https:\/\/alfarchitecte.com\/index.php\/wp-json\/wp\/v2\/media?parent=162"}],"curies":[{"name":"wp","href":"https:\/\/api.w.org\/{rel}","templated":true}]}}